{"id":412,"date":"2025-11-20T14:25:44","date_gmt":"2025-11-20T14:25:44","guid":{"rendered":"http:\/\/tonja.goldblatt.fi\/?page_id=412"},"modified":"2025-11-20T20:06:50","modified_gmt":"2025-11-20T20:06:50","slug":"kaivohauki","status":"publish","type":"page","link":"http:\/\/tonja.goldblatt.fi\/index.php\/kaivohauki\/","title":{"rendered":"Kaivohauki"},"content":{"rendered":"\n<p>Kaivohauki (2022\/2024) was a spoken word piece by Pihla Lehtinen. The piece talked about gender, nature and the desire to find a new relationship to nature after transitioning. <\/p>\n\n\n\n<p>The set was made of strips of worn out hand embroidered linen sheets and cut-off lace from old pillowcases.<\/p>\n\n\n\n<p>On stage: Pihla Lehtinen<br>Script: Pihla Lehtinen<br>Dramatist and director: Juuso Kekkonen<br>Set 2022: Vilja Joensuu, Linnea Saarits and Marianne Savallampi<br>Set 2024: Tonja Goldblatt<br>Lehtinen&#8217;s costume 2024: V\u00e4in\u00e4 R\u00e4s\u00e4nen<\/p>\n\n\n\n<p>In cooperation  with The Finnish Culture Foundation, Museum of Impossible Forms, Gallery Titanik, Mustarinda residency, Lanka Palaa Collective, Radikaalit Ristipistot HKI and Culture Center Caisa.<\/p>\n\n\n\n<p><strong>Web Page<\/strong><br><a rel=\"noreferrer noopener\" href=\"https:\/\/www.pihlalehtinen.net\/kaivohauki.html\" data-type=\"URL\" data-id=\"https:\/\/www.pihlalehtinen.net\/kaivohauki.html\" target=\"_blank\">Kaivohauki<\/a><\/p>\n\n\n\n<figure class=\"is-layout-flex wp-block-gallery-1 wp-block-gallery has-nested-images columns-default is-cropped\">\n<figure class=\"wp-block-image size-large\"><a href=\"http:\/\/tonja.goldblatt.fi\/wp-content\/uploads\/2025\/11\/20241119_15513611-1-scaled.jpg\"><img decoding=\"async\" loading=\"lazy\" width=\"768\" height=\"1024\" data-id=\"445\"  src=\"http:\/\/tonja.goldblatt.fi\/wp-content\/uploads\/2025\/11\/20241119_15513611-1-768x1024.jpg\" alt=\"\" class=\"wp-image-445\" srcset=\"http:\/\/tonja.goldblatt.fi\/wp-content\/uploads\/2025\/11\/20241119_15513611-1-768x1024.jpg 768w, http:\/\/tonja.goldblatt.fi\/wp-content\/uploads\/2025\/11\/20241119_15513611-1-225x300.jpg 225w, http:\/\/tonja.goldblatt.fi\/wp-content\/uploads\/2025\/11\/20241119_15513611-1-1152x1536.jpg 1152w, http:\/\/tonja.goldblatt.fi\/wp-content\/uploads\/2025\/11\/20241119_15513611-1-1536x2048.jpg 1536w, http:\/\/tonja.goldblatt.fi\/wp-content\/uploads\/2025\/11\/20241119_15513611-1-scaled.jpg 1920w\" sizes=\"(max-width: 768px) 100vw, 768px\" \/><\/a><figcaption class=\"wp-element-caption\">Photo: Tonja Goldblatt<\/figcaption><\/figure>\n\n\n\n<figure class=\"wp-block-image size-large\"><a href=\"http:\/\/tonja.goldblatt.fi\/wp-content\/uploads\/2025\/11\/20241114_1130341-scaled.jpg\"><img decoding=\"async\" loading=\"lazy\" width=\"768\" height=\"1024\" data-id=\"443\"  src=\"http:\/\/tonja.goldblatt.fi\/wp-content\/uploads\/2025\/11\/20241114_1130341-768x1024.jpg\" alt=\"\" class=\"wp-image-443\" srcset=\"http:\/\/tonja.goldblatt.fi\/wp-content\/uploads\/2025\/11\/20241114_1130341-768x1024.jpg 768w, http:\/\/tonja.goldblatt.fi\/wp-content\/uploads\/2025\/11\/20241114_1130341-225x300.jpg 225w, http:\/\/tonja.goldblatt.fi\/wp-content\/uploads\/2025\/11\/20241114_1130341-1152x1536.jpg 1152w, http:\/\/tonja.goldblatt.fi\/wp-content\/uploads\/2025\/11\/20241114_1130341-1536x2048.jpg 1536w, http:\/\/tonja.goldblatt.fi\/wp-content\/uploads\/2025\/11\/20241114_1130341-scaled.jpg 1920w\" sizes=\"(max-width: 768px) 100vw, 768px\" \/><\/a><figcaption class=\"wp-element-caption\">Photo: Tonja Goldblatt<\/figcaption><\/figure>\n\n\n\n<figure class=\"wp-block-image size-large\"><a href=\"http:\/\/tonja.goldblatt.fi\/wp-content\/uploads\/2025\/11\/20241119_1544291.jpg\"><img decoding=\"async\" loading=\"lazy\" width=\"1024\" height=\"768\" data-id=\"452\"  src=\"http:\/\/tonja.goldblatt.fi\/wp-content\/uploads\/2025\/11\/20241119_1544291-1024x768.jpg\" alt=\"\" class=\"wp-image-452\" srcset=\"http:\/\/tonja.goldblatt.fi\/wp-content\/uploads\/2025\/11\/20241119_1544291-1024x768.jpg 1024w, http:\/\/tonja.goldblatt.fi\/wp-content\/uploads\/2025\/11\/20241119_1544291-300x225.jpg 300w, http:\/\/tonja.goldblatt.fi\/wp-content\/uploads\/2025\/11\/20241119_1544291-768x576.jpg 768w, http:\/\/tonja.goldblatt.fi\/wp-content\/uploads\/2025\/11\/20241119_1544291-1536x1152.jpg 1536w, http:\/\/tonja.goldblatt.fi\/wp-content\/uploads\/2025\/11\/20241119_1544291-2048x1536.jpg 2048w\" sizes=\"(max-width: 1024px) 100vw, 1024px\" \/><\/a><figcaption class=\"wp-element-caption\">Photo: Tonja Goldblatt<\/figcaption><\/figure>\n\n\n\n<figure class=\"wp-block-image size-large\"><a href=\"http:\/\/tonja.goldblatt.fi\/wp-content\/uploads\/2025\/11\/DSC_8802.jpg\"><img decoding=\"async\" loading=\"lazy\" width=\"1024\" height=\"683\" data-id=\"448\"  src=\"http:\/\/tonja.goldblatt.fi\/wp-content\/uploads\/2025\/11\/DSC_8802-1024x683.jpg\" alt=\"\" class=\"wp-image-448\" srcset=\"http:\/\/tonja.goldblatt.fi\/wp-content\/uploads\/2025\/11\/DSC_8802-1024x683.jpg 1024w, http:\/\/tonja.goldblatt.fi\/wp-content\/uploads\/2025\/11\/DSC_8802-300x200.jpg 300w, http:\/\/tonja.goldblatt.fi\/wp-content\/uploads\/2025\/11\/DSC_8802-768x512.jpg 768w, http:\/\/tonja.goldblatt.fi\/wp-content\/uploads\/2025\/11\/DSC_8802-1536x1024.jpg 1536w, http:\/\/tonja.goldblatt.fi\/wp-content\/uploads\/2025\/11\/DSC_8802.jpg 2048w\" sizes=\"(max-width: 1024px) 100vw, 1024px\" \/><\/a><figcaption class=\"wp-element-caption\">Photo: Tuomas Puikkonen<\/figcaption><\/figure>\n\n\n\n<figure class=\"wp-block-image size-large\"><a href=\"http:\/\/tonja.goldblatt.fi\/wp-content\/uploads\/2025\/11\/DSC_8590.jpg\"><img decoding=\"async\" loading=\"lazy\" width=\"683\" height=\"1024\" data-id=\"449\"  src=\"http:\/\/tonja.goldblatt.fi\/wp-content\/uploads\/2025\/11\/DSC_8590-683x1024.jpg\" alt=\"\" class=\"wp-image-449\" srcset=\"http:\/\/tonja.goldblatt.fi\/wp-content\/uploads\/2025\/11\/DSC_8590-683x1024.jpg 683w, http:\/\/tonja.goldblatt.fi\/wp-content\/uploads\/2025\/11\/DSC_8590-200x300.jpg 200w, http:\/\/tonja.goldblatt.fi\/wp-content\/uploads\/2025\/11\/DSC_8590-768x1152.jpg 768w, http:\/\/tonja.goldblatt.fi\/wp-content\/uploads\/2025\/11\/DSC_8590.jpg 1024w\" sizes=\"(max-width: 683px) 100vw, 683px\" \/><\/a><figcaption class=\"wp-element-caption\">Photo: Tuomas Puikkonen<\/figcaption><\/figure>\n\n\n\n<figure class=\"wp-block-image size-large\"><a href=\"http:\/\/tonja.goldblatt.fi\/wp-content\/uploads\/2025\/11\/DSC_8942.jpg\"><img decoding=\"async\" loading=\"lazy\" width=\"683\" height=\"1024\" data-id=\"447\"  src=\"http:\/\/tonja.goldblatt.fi\/wp-content\/uploads\/2025\/11\/DSC_8942-683x1024.jpg\" alt=\"\" class=\"wp-image-447\" srcset=\"http:\/\/tonja.goldblatt.fi\/wp-content\/uploads\/2025\/11\/DSC_8942-683x1024.jpg 683w, http:\/\/tonja.goldblatt.fi\/wp-content\/uploads\/2025\/11\/DSC_8942-200x300.jpg 200w, http:\/\/tonja.goldblatt.fi\/wp-content\/uploads\/2025\/11\/DSC_8942-768x1152.jpg 768w, http:\/\/tonja.goldblatt.fi\/wp-content\/uploads\/2025\/11\/DSC_8942.jpg 1024w\" sizes=\"(max-width: 683px) 100vw, 683px\" \/><\/a><figcaption class=\"wp-element-caption\">Photo: Tuomas Puikkonen<\/figcaption><\/figure>\n\n\n\n<figure class=\"wp-block-image size-large\"><a href=\"http:\/\/tonja.goldblatt.fi\/wp-content\/uploads\/2025\/11\/20241118_1746321.jpg\"><img decoding=\"async\" loading=\"lazy\" width=\"1024\" height=\"768\" data-id=\"455\"  src=\"http:\/\/tonja.goldblatt.fi\/wp-content\/uploads\/2025\/11\/20241118_1746321-1024x768.jpg\" alt=\"\" class=\"wp-image-455\" srcset=\"http:\/\/tonja.goldblatt.fi\/wp-content\/uploads\/2025\/11\/20241118_1746321-1024x768.jpg 1024w, http:\/\/tonja.goldblatt.fi\/wp-content\/uploads\/2025\/11\/20241118_1746321-300x225.jpg 300w, http:\/\/tonja.goldblatt.fi\/wp-content\/uploads\/2025\/11\/20241118_1746321-768x576.jpg 768w, http:\/\/tonja.goldblatt.fi\/wp-content\/uploads\/2025\/11\/20241118_1746321-1536x1152.jpg 1536w, http:\/\/tonja.goldblatt.fi\/wp-content\/uploads\/2025\/11\/20241118_1746321-2048x1536.jpg 2048w\" sizes=\"(max-width: 1024px) 100vw, 1024px\" \/><\/a><figcaption class=\"wp-element-caption\">Photo: Tonja Goldblatt<\/figcaption><\/figure>\n<\/figure>\n","protected":false},"excerpt":{"rendered":"<p>Kaivohauki (2022\/2024) was a spoken word piece by Pihla Lehtinen. The piece talked about gender, nature and the desire to find a new relationship to nature after transitioning. The set was made of strips of worn out hand embroidered linen sheets and cut-off lace from old pillowcases. On stage: Pihla LehtinenScript: Pihla LehtinenDramatist and director: [&hellip;]<\/p>\n","protected":false},"author":1,"featured_media":452,"parent":0,"menu_order":0,"comment_status":"closed","ping_status":"closed","template":"","meta":[],"_links":{"self":[{"href":"http:\/\/tonja.goldblatt.fi\/index.php\/wp-json\/wp\/v2\/pages\/412"}],"collection":[{"href":"http:\/\/tonja.goldblatt.fi\/index.php\/wp-json\/wp\/v2\/pages"}],"about":[{"href":"http:\/\/tonja.goldblatt.fi\/index.php\/wp-json\/wp\/v2\/types\/page"}],"author":[{"embeddable":true,"href":"http:\/\/tonja.goldblatt.fi\/index.php\/wp-json\/wp\/v2\/users\/1"}],"replies":[{"embeddable":true,"href":"http:\/\/tonja.goldblatt.fi\/index.php\/wp-json\/wp\/v2\/comments?post=412"}],"version-history":[{"count":11,"href":"http:\/\/tonja.goldblatt.fi\/index.php\/wp-json\/wp\/v2\/pages\/412\/revisions"}],"predecessor-version":[{"id":462,"href":"http:\/\/tonja.goldblatt.fi\/index.php\/wp-json\/wp\/v2\/pages\/412\/revisions\/462"}],"wp:featuredmedia":[{"embeddable":true,"href":"http:\/\/tonja.goldblatt.fi\/index.php\/wp-json\/wp\/v2\/media\/452"}],"wp:attachment":[{"href":"http:\/\/tonja.goldblatt.fi\/index.php\/wp-json\/wp\/v2\/media?parent=412"}],"curies":[{"name":"wp","href":"https:\/\/api.w.org\/{rel}","templated":true}]}}