{"id":143,"date":"2023-02-09T15:33:20","date_gmt":"2023-02-09T15:33:20","guid":{"rendered":"http:\/\/tonja.goldblatt.fi\/?page_id=143"},"modified":"2025-11-20T08:49:36","modified_gmt":"2025-11-20T08:49:36","slug":"kontiaisten-joulukuu-the-moles-december","status":"publish","type":"page","link":"http:\/\/tonja.goldblatt.fi\/index.php\/kontiaisten-joulukuu-the-moles-december\/","title":{"rendered":"Kontiaisten joulukuu \/ The Moles&#8217; December"},"content":{"rendered":"\n<p>Kontiaisten joulukuu 2021 was a daily changing slow-theater puppet diorama located in a non-commercial display window in the center of Turku. Every night a change in the diorama would happen, and the story would unfold daily one animated picture at a time for the whole month of December, like an advent calendar.<\/p>\n\n\n\n<p>The large scale project involved six animatronic puppets and their miniature environment. The set showed a cross-section of a Moles\u2019 burrow, and the story centered around the everyday life of the Mole and their friend the Woodlouse in winter, with meeting up and celebrating with old friends and making new ones unexpectedly.<\/p>\n\n\n\n<p>In 2022-2024 the Moles returned in a smaller version of the original, with four static dioramas instead of thirty-one animated ones.<\/p>\n\n\n\n<p><strong>Kontiaisten joulukuu on Instagram<\/strong>: <br><a rel=\"noreferrer noopener\" href=\"https:\/\/www.instagram.com\/kontiaisten\/\" target=\"_blank\">www.instagram.com\/kontiaisten<\/a><\/p>\n\n\n\n<p><strong>Kontiaisten joulukuu on YouTube:<\/strong><br><a rel=\"noreferrer noopener\" href=\"https:\/\/youtube.com\/@kontiaistenjoulukuu2661?fbclid=IwAR0ULntQfUjeUtBKqChqo0eCgyhM7w0AQV3BnnQNlDH-1BoRyaaEdO_Drlo\" target=\"_blank\">https:\/\/youtube.com\/@kontiaistenjoulukuu2661<\/a><\/p>\n\n\n\n<p><\/p>\n\n\n\n<figure class=\"is-layout-flex wp-block-gallery-1 wp-block-gallery has-nested-images columns-default is-cropped\">\n<figure class=\"wp-block-image size-medium\"><a href=\"http:\/\/tonja.goldblatt.fi\/wp-content\/uploads\/2023\/02\/06-Kontiaisten-joulukuu-Kuva_-Essi-Santala1-scaled.jpg\"><img decoding=\"async\" loading=\"lazy\" width=\"300\" height=\"225\" data-id=\"225\"  src=\"http:\/\/tonja.goldblatt.fi\/wp-content\/uploads\/2023\/02\/06-Kontiaisten-joulukuu-Kuva_-Essi-Santala1-300x225.jpg\" alt=\"\" class=\"wp-image-225\" srcset=\"http:\/\/tonja.goldblatt.fi\/wp-content\/uploads\/2023\/02\/06-Kontiaisten-joulukuu-Kuva_-Essi-Santala1-300x225.jpg 300w, http:\/\/tonja.goldblatt.fi\/wp-content\/uploads\/2023\/02\/06-Kontiaisten-joulukuu-Kuva_-Essi-Santala1-1024x768.jpg 1024w, http:\/\/tonja.goldblatt.fi\/wp-content\/uploads\/2023\/02\/06-Kontiaisten-joulukuu-Kuva_-Essi-Santala1-768x576.jpg 768w, http:\/\/tonja.goldblatt.fi\/wp-content\/uploads\/2023\/02\/06-Kontiaisten-joulukuu-Kuva_-Essi-Santala1-1536x1152.jpg 1536w, http:\/\/tonja.goldblatt.fi\/wp-content\/uploads\/2023\/02\/06-Kontiaisten-joulukuu-Kuva_-Essi-Santala1-2048x1536.jpg 2048w\" sizes=\"(max-width: 300px) 100vw, 300px\" \/><\/a><\/figure>\n\n\n\n<figure class=\"wp-block-image size-medium\"><a href=\"http:\/\/tonja.goldblatt.fi\/wp-content\/uploads\/2023\/02\/05-Kontiaisten-joulukuu-kuva_Essi-Santala.jpeg\"><img decoding=\"async\" loading=\"lazy\" width=\"300\" height=\"276\" data-id=\"158\"  src=\"http:\/\/tonja.goldblatt.fi\/wp-content\/uploads\/2023\/02\/05-Kontiaisten-joulukuu-kuva_Essi-Santala-300x276.jpeg\" alt=\"\" class=\"wp-image-158\" srcset=\"http:\/\/tonja.goldblatt.fi\/wp-content\/uploads\/2023\/02\/05-Kontiaisten-joulukuu-kuva_Essi-Santala-300x276.jpeg 300w, http:\/\/tonja.goldblatt.fi\/wp-content\/uploads\/2023\/02\/05-Kontiaisten-joulukuu-kuva_Essi-Santala-1024x943.jpeg 1024w, http:\/\/tonja.goldblatt.fi\/wp-content\/uploads\/2023\/02\/05-Kontiaisten-joulukuu-kuva_Essi-Santala-768x707.jpeg 768w, http:\/\/tonja.goldblatt.fi\/wp-content\/uploads\/2023\/02\/05-Kontiaisten-joulukuu-kuva_Essi-Santala-1536x1415.jpeg 1536w, http:\/\/tonja.goldblatt.fi\/wp-content\/uploads\/2023\/02\/05-Kontiaisten-joulukuu-kuva_Essi-Santala.jpeg 1848w\" sizes=\"(max-width: 300px) 100vw, 300px\" \/><\/a><\/figure>\n\n\n\n<figure class=\"wp-block-image size-medium\"><a href=\"http:\/\/tonja.goldblatt.fi\/wp-content\/uploads\/2023\/02\/08-Kontiaisten-joulukuu-kuva_Essi-Santala.jpeg\"><img decoding=\"async\" loading=\"lazy\" width=\"300\" height=\"225\" data-id=\"157\"  src=\"http:\/\/tonja.goldblatt.fi\/wp-content\/uploads\/2023\/02\/08-Kontiaisten-joulukuu-kuva_Essi-Santala-300x225.jpeg\" alt=\"\" class=\"wp-image-157\" srcset=\"http:\/\/tonja.goldblatt.fi\/wp-content\/uploads\/2023\/02\/08-Kontiaisten-joulukuu-kuva_Essi-Santala-300x225.jpeg 300w, http:\/\/tonja.goldblatt.fi\/wp-content\/uploads\/2023\/02\/08-Kontiaisten-joulukuu-kuva_Essi-Santala-1024x768.jpeg 1024w, http:\/\/tonja.goldblatt.fi\/wp-content\/uploads\/2023\/02\/08-Kontiaisten-joulukuu-kuva_Essi-Santala-768x576.jpeg 768w, http:\/\/tonja.goldblatt.fi\/wp-content\/uploads\/2023\/02\/08-Kontiaisten-joulukuu-kuva_Essi-Santala-1536x1152.jpeg 1536w, http:\/\/tonja.goldblatt.fi\/wp-content\/uploads\/2023\/02\/08-Kontiaisten-joulukuu-kuva_Essi-Santala.jpeg 2048w\" sizes=\"(max-width: 300px) 100vw, 300px\" \/><\/a><\/figure>\n\n\n\n<figure class=\"wp-block-image size-medium\"><a href=\"http:\/\/tonja.goldblatt.fi\/wp-content\/uploads\/2023\/02\/07-Kontiaisten-joulukuu-kuva_-Essi-Santala.jpeg\"><img decoding=\"async\" loading=\"lazy\" width=\"300\" height=\"225\" data-id=\"156\"  src=\"http:\/\/tonja.goldblatt.fi\/wp-content\/uploads\/2023\/02\/07-Kontiaisten-joulukuu-kuva_-Essi-Santala-300x225.jpeg\" alt=\"\" class=\"wp-image-156\" srcset=\"http:\/\/tonja.goldblatt.fi\/wp-content\/uploads\/2023\/02\/07-Kontiaisten-joulukuu-kuva_-Essi-Santala-300x225.jpeg 300w, http:\/\/tonja.goldblatt.fi\/wp-content\/uploads\/2023\/02\/07-Kontiaisten-joulukuu-kuva_-Essi-Santala-1024x768.jpeg 1024w, http:\/\/tonja.goldblatt.fi\/wp-content\/uploads\/2023\/02\/07-Kontiaisten-joulukuu-kuva_-Essi-Santala-768x576.jpeg 768w, http:\/\/tonja.goldblatt.fi\/wp-content\/uploads\/2023\/02\/07-Kontiaisten-joulukuu-kuva_-Essi-Santala-1536x1152.jpeg 1536w, http:\/\/tonja.goldblatt.fi\/wp-content\/uploads\/2023\/02\/07-Kontiaisten-joulukuu-kuva_-Essi-Santala.jpeg 2048w\" sizes=\"(max-width: 300px) 100vw, 300px\" \/><\/a><\/figure>\n\n\n\n<figure class=\"wp-block-image size-medium\"><a href=\"http:\/\/tonja.goldblatt.fi\/wp-content\/uploads\/2023\/02\/p10_munafiksu4.jpeg\"><img decoding=\"async\" loading=\"lazy\" width=\"300\" height=\"225\" data-id=\"276\"  src=\"http:\/\/tonja.goldblatt.fi\/wp-content\/uploads\/2023\/02\/p10_munafiksu4-300x225.jpeg\" alt=\"\" class=\"wp-image-276\" srcset=\"http:\/\/tonja.goldblatt.fi\/wp-content\/uploads\/2023\/02\/p10_munafiksu4-300x225.jpeg 300w, http:\/\/tonja.goldblatt.fi\/wp-content\/uploads\/2023\/02\/p10_munafiksu4-1024x768.jpeg 1024w, http:\/\/tonja.goldblatt.fi\/wp-content\/uploads\/2023\/02\/p10_munafiksu4-768x576.jpeg 768w, http:\/\/tonja.goldblatt.fi\/wp-content\/uploads\/2023\/02\/p10_munafiksu4-1536x1152.jpeg 1536w, http:\/\/tonja.goldblatt.fi\/wp-content\/uploads\/2023\/02\/p10_munafiksu4.jpeg 2048w\" sizes=\"(max-width: 300px) 100vw, 300px\" \/><\/a><\/figure>\n\n\n\n<figure class=\"wp-block-image size-medium\"><a href=\"http:\/\/tonja.goldblatt.fi\/wp-content\/uploads\/2023\/02\/p3komero.jpeg\"><img decoding=\"async\" loading=\"lazy\" width=\"225\" height=\"300\" data-id=\"283\"  src=\"http:\/\/tonja.goldblatt.fi\/wp-content\/uploads\/2023\/02\/p3komero-225x300.jpeg\" alt=\"\" class=\"wp-image-283\" srcset=\"http:\/\/tonja.goldblatt.fi\/wp-content\/uploads\/2023\/02\/p3komero-225x300.jpeg 225w, http:\/\/tonja.goldblatt.fi\/wp-content\/uploads\/2023\/02\/p3komero-768x1024.jpeg 768w, http:\/\/tonja.goldblatt.fi\/wp-content\/uploads\/2023\/02\/p3komero-1152x1536.jpeg 1152w, http:\/\/tonja.goldblatt.fi\/wp-content\/uploads\/2023\/02\/p3komero.jpeg 1536w\" sizes=\"(max-width: 225px) 100vw, 225px\" \/><\/a><\/figure>\n\n\n\n<figure class=\"wp-block-image size-medium\"><a href=\"http:\/\/tonja.goldblatt.fi\/wp-content\/uploads\/2023\/02\/p4_isotikkaat.jpeg\"><img decoding=\"async\" loading=\"lazy\" width=\"225\" height=\"300\" data-id=\"282\"  src=\"http:\/\/tonja.goldblatt.fi\/wp-content\/uploads\/2023\/02\/p4_isotikkaat-225x300.jpeg\" alt=\"\" class=\"wp-image-282\" srcset=\"http:\/\/tonja.goldblatt.fi\/wp-content\/uploads\/2023\/02\/p4_isotikkaat-225x300.jpeg 225w, http:\/\/tonja.goldblatt.fi\/wp-content\/uploads\/2023\/02\/p4_isotikkaat-768x1024.jpeg 768w, http:\/\/tonja.goldblatt.fi\/wp-content\/uploads\/2023\/02\/p4_isotikkaat-1152x1536.jpeg 1152w, http:\/\/tonja.goldblatt.fi\/wp-content\/uploads\/2023\/02\/p4_isotikkaat.jpeg 1536w\" sizes=\"(max-width: 225px) 100vw, 225px\" \/><\/a><\/figure>\n\n\n\n<figure class=\"wp-block-image size-medium\"><a href=\"http:\/\/tonja.goldblatt.fi\/wp-content\/uploads\/2023\/02\/p14_talviiso-3.jpeg\"><img decoding=\"async\" loading=\"lazy\" width=\"300\" height=\"225\" data-id=\"277\"  src=\"http:\/\/tonja.goldblatt.fi\/wp-content\/uploads\/2023\/02\/p14_talviiso-3-300x225.jpeg\" alt=\"\" class=\"wp-image-277\" srcset=\"http:\/\/tonja.goldblatt.fi\/wp-content\/uploads\/2023\/02\/p14_talviiso-3-300x225.jpeg 300w, http:\/\/tonja.goldblatt.fi\/wp-content\/uploads\/2023\/02\/p14_talviiso-3-1024x768.jpeg 1024w, http:\/\/tonja.goldblatt.fi\/wp-content\/uploads\/2023\/02\/p14_talviiso-3-768x576.jpeg 768w, http:\/\/tonja.goldblatt.fi\/wp-content\/uploads\/2023\/02\/p14_talviiso-3-1536x1152.jpeg 1536w, http:\/\/tonja.goldblatt.fi\/wp-content\/uploads\/2023\/02\/p14_talviiso-3.jpeg 2048w\" sizes=\"(max-width: 300px) 100vw, 300px\" \/><\/a><\/figure>\n\n\n\n<figure class=\"wp-block-image size-medium\"><a href=\"http:\/\/tonja.goldblatt.fi\/wp-content\/uploads\/2023\/02\/p4_pikkusienet2.jpeg\"><img decoding=\"async\" loading=\"lazy\" width=\"300\" height=\"225\" data-id=\"281\"  src=\"http:\/\/tonja.goldblatt.fi\/wp-content\/uploads\/2023\/02\/p4_pikkusienet2-300x225.jpeg\" alt=\"\" class=\"wp-image-281\" srcset=\"http:\/\/tonja.goldblatt.fi\/wp-content\/uploads\/2023\/02\/p4_pikkusienet2-300x225.jpeg 300w, http:\/\/tonja.goldblatt.fi\/wp-content\/uploads\/2023\/02\/p4_pikkusienet2-1024x768.jpeg 1024w, http:\/\/tonja.goldblatt.fi\/wp-content\/uploads\/2023\/02\/p4_pikkusienet2-768x576.jpeg 768w, http:\/\/tonja.goldblatt.fi\/wp-content\/uploads\/2023\/02\/p4_pikkusienet2-1536x1152.jpeg 1536w, http:\/\/tonja.goldblatt.fi\/wp-content\/uploads\/2023\/02\/p4_pikkusienet2.jpeg 2048w\" sizes=\"(max-width: 300px) 100vw, 300px\" \/><\/a><\/figure>\n\n\n\n<figure class=\"wp-block-image size-medium\"><a href=\"http:\/\/tonja.goldblatt.fi\/wp-content\/uploads\/2023\/02\/IMG_1248-scaled.jpeg\"><img decoding=\"async\" loading=\"lazy\" width=\"300\" height=\"119\" data-id=\"284\"  src=\"http:\/\/tonja.goldblatt.fi\/wp-content\/uploads\/2023\/02\/IMG_1248-300x119.jpeg\" alt=\"\" class=\"wp-image-284\" srcset=\"http:\/\/tonja.goldblatt.fi\/wp-content\/uploads\/2023\/02\/IMG_1248-300x119.jpeg 300w, http:\/\/tonja.goldblatt.fi\/wp-content\/uploads\/2023\/02\/IMG_1248-1024x406.jpeg 1024w, http:\/\/tonja.goldblatt.fi\/wp-content\/uploads\/2023\/02\/IMG_1248-768x304.jpeg 768w, http:\/\/tonja.goldblatt.fi\/wp-content\/uploads\/2023\/02\/IMG_1248-1536x609.jpeg 1536w, http:\/\/tonja.goldblatt.fi\/wp-content\/uploads\/2023\/02\/IMG_1248-2048x812.jpeg 2048w\" sizes=\"(max-width: 300px) 100vw, 300px\" \/><\/a><\/figure>\n<figcaption class=\"blocks-gallery-caption wp-element-caption\">Pictures from 2023<\/figcaption><\/figure>\n\n\n\n<p><\/p>\n\n\n\n<figure class=\"is-layout-flex wp-block-gallery-3 wp-block-gallery has-nested-images columns-default is-cropped\">\n<figure class=\"wp-block-image size-large\"><a href=\"http:\/\/tonja.goldblatt.fi\/wp-content\/uploads\/2023\/02\/WhatsApp-Image-2022-12-21-at-09.16.01.jpeg\"><img decoding=\"async\" loading=\"lazy\" width=\"1024\" height=\"768\" data-id=\"259\"  src=\"http:\/\/tonja.goldblatt.fi\/wp-content\/uploads\/2023\/02\/WhatsApp-Image-2022-12-21-at-09.16.01-1024x768.jpeg\" alt=\"\" class=\"wp-image-259\" srcset=\"http:\/\/tonja.goldblatt.fi\/wp-content\/uploads\/2023\/02\/WhatsApp-Image-2022-12-21-at-09.16.01-1024x768.jpeg 1024w, http:\/\/tonja.goldblatt.fi\/wp-content\/uploads\/2023\/02\/WhatsApp-Image-2022-12-21-at-09.16.01-300x225.jpeg 300w, http:\/\/tonja.goldblatt.fi\/wp-content\/uploads\/2023\/02\/WhatsApp-Image-2022-12-21-at-09.16.01-768x576.jpeg 768w, http:\/\/tonja.goldblatt.fi\/wp-content\/uploads\/2023\/02\/WhatsApp-Image-2022-12-21-at-09.16.01-1536x1152.jpeg 1536w, http:\/\/tonja.goldblatt.fi\/wp-content\/uploads\/2023\/02\/WhatsApp-Image-2022-12-21-at-09.16.01.jpeg 2048w\" sizes=\"(max-width: 1024px) 100vw, 1024px\" \/><\/a><\/figure>\n\n\n\n<figure class=\"wp-block-image size-large\"><a href=\"http:\/\/tonja.goldblatt.fi\/wp-content\/uploads\/2023\/02\/319677972_5709196449200464_1801069369754649762_n.jpg\"><img decoding=\"async\" loading=\"lazy\" width=\"768\" height=\"1024\" data-id=\"244\"  src=\"http:\/\/tonja.goldblatt.fi\/wp-content\/uploads\/2023\/02\/319677972_5709196449200464_1801069369754649762_n-768x1024.jpg\" alt=\"\" class=\"wp-image-244\" srcset=\"http:\/\/tonja.goldblatt.fi\/wp-content\/uploads\/2023\/02\/319677972_5709196449200464_1801069369754649762_n-768x1024.jpg 768w, http:\/\/tonja.goldblatt.fi\/wp-content\/uploads\/2023\/02\/319677972_5709196449200464_1801069369754649762_n-225x300.jpg 225w, http:\/\/tonja.goldblatt.fi\/wp-content\/uploads\/2023\/02\/319677972_5709196449200464_1801069369754649762_n-1152x1536.jpg 1152w, http:\/\/tonja.goldblatt.fi\/wp-content\/uploads\/2023\/02\/319677972_5709196449200464_1801069369754649762_n.jpg 1536w\" sizes=\"(max-width: 768px) 100vw, 768px\" \/><\/a><\/figure>\n\n\n\n<figure class=\"wp-block-image size-large\"><a href=\"http:\/\/tonja.goldblatt.fi\/wp-content\/uploads\/2023\/02\/WhatsApp-Image-2022-12-30-at-21.28.14.jpeg\"><img decoding=\"async\" loading=\"lazy\" width=\"768\" height=\"1024\" data-id=\"256\"  src=\"http:\/\/tonja.goldblatt.fi\/wp-content\/uploads\/2023\/02\/WhatsApp-Image-2022-12-30-at-21.28.14-768x1024.jpeg\" alt=\"\" class=\"wp-image-256\" srcset=\"http:\/\/tonja.goldblatt.fi\/wp-content\/uploads\/2023\/02\/WhatsApp-Image-2022-12-30-at-21.28.14-768x1024.jpeg 768w, http:\/\/tonja.goldblatt.fi\/wp-content\/uploads\/2023\/02\/WhatsApp-Image-2022-12-30-at-21.28.14-225x300.jpeg 225w, http:\/\/tonja.goldblatt.fi\/wp-content\/uploads\/2023\/02\/WhatsApp-Image-2022-12-30-at-21.28.14-1152x1536.jpeg 1152w, http:\/\/tonja.goldblatt.fi\/wp-content\/uploads\/2023\/02\/WhatsApp-Image-2022-12-30-at-21.28.14.jpeg 1536w\" sizes=\"(max-width: 768px) 100vw, 768px\" \/><\/a><\/figure>\n\n\n\n<figure class=\"wp-block-image size-large\"><a href=\"http:\/\/tonja.goldblatt.fi\/wp-content\/uploads\/2023\/02\/WhatsApp-Image-2022-12-30-at-21.28.16.jpeg\"><img decoding=\"async\" loading=\"lazy\" width=\"819\" height=\"1024\" data-id=\"261\"  src=\"http:\/\/tonja.goldblatt.fi\/wp-content\/uploads\/2023\/02\/WhatsApp-Image-2022-12-30-at-21.28.16-819x1024.jpeg\" alt=\"\" class=\"wp-image-261\" srcset=\"http:\/\/tonja.goldblatt.fi\/wp-content\/uploads\/2023\/02\/WhatsApp-Image-2022-12-30-at-21.28.16-819x1024.jpeg 819w, http:\/\/tonja.goldblatt.fi\/wp-content\/uploads\/2023\/02\/WhatsApp-Image-2022-12-30-at-21.28.16-240x300.jpeg 240w, http:\/\/tonja.goldblatt.fi\/wp-content\/uploads\/2023\/02\/WhatsApp-Image-2022-12-30-at-21.28.16-768x960.jpeg 768w, http:\/\/tonja.goldblatt.fi\/wp-content\/uploads\/2023\/02\/WhatsApp-Image-2022-12-30-at-21.28.16-1229x1536.jpeg 1229w, http:\/\/tonja.goldblatt.fi\/wp-content\/uploads\/2023\/02\/WhatsApp-Image-2022-12-30-at-21.28.16.jpeg 1638w\" sizes=\"(max-width: 819px) 100vw, 819px\" \/><\/a><\/figure>\n\n\n\n<figure class=\"wp-block-image size-large\"><a href=\"http:\/\/tonja.goldblatt.fi\/wp-content\/uploads\/2023\/02\/WhatsApp-Image-2022-12-21-at-09.15.43.jpeg\"><img decoding=\"async\" loading=\"lazy\" width=\"768\" height=\"1024\" data-id=\"258\"  src=\"http:\/\/tonja.goldblatt.fi\/wp-content\/uploads\/2023\/02\/WhatsApp-Image-2022-12-21-at-09.15.43-768x1024.jpeg\" alt=\"\" class=\"wp-image-258\" srcset=\"http:\/\/tonja.goldblatt.fi\/wp-content\/uploads\/2023\/02\/WhatsApp-Image-2022-12-21-at-09.15.43-768x1024.jpeg 768w, http:\/\/tonja.goldblatt.fi\/wp-content\/uploads\/2023\/02\/WhatsApp-Image-2022-12-21-at-09.15.43-225x300.jpeg 225w, http:\/\/tonja.goldblatt.fi\/wp-content\/uploads\/2023\/02\/WhatsApp-Image-2022-12-21-at-09.15.43-1152x1536.jpeg 1152w, http:\/\/tonja.goldblatt.fi\/wp-content\/uploads\/2023\/02\/WhatsApp-Image-2022-12-21-at-09.15.43.jpeg 1536w\" sizes=\"(max-width: 768px) 100vw, 768px\" \/><\/a><\/figure>\n\n\n\n<figure class=\"wp-block-image size-large\"><a href=\"http:\/\/tonja.goldblatt.fi\/wp-content\/uploads\/2023\/02\/WhatsApp-Image-2022-12-30-at-21.28.12.jpeg\"><img decoding=\"async\" loading=\"lazy\" width=\"1024\" height=\"768\" data-id=\"257\"  src=\"http:\/\/tonja.goldblatt.fi\/wp-content\/uploads\/2023\/02\/WhatsApp-Image-2022-12-30-at-21.28.12-1024x768.jpeg\" alt=\"\" class=\"wp-image-257\" srcset=\"http:\/\/tonja.goldblatt.fi\/wp-content\/uploads\/2023\/02\/WhatsApp-Image-2022-12-30-at-21.28.12-1024x768.jpeg 1024w, http:\/\/tonja.goldblatt.fi\/wp-content\/uploads\/2023\/02\/WhatsApp-Image-2022-12-30-at-21.28.12-300x225.jpeg 300w, http:\/\/tonja.goldblatt.fi\/wp-content\/uploads\/2023\/02\/WhatsApp-Image-2022-12-30-at-21.28.12-768x576.jpeg 768w, http:\/\/tonja.goldblatt.fi\/wp-content\/uploads\/2023\/02\/WhatsApp-Image-2022-12-30-at-21.28.12-1536x1152.jpeg 1536w, http:\/\/tonja.goldblatt.fi\/wp-content\/uploads\/2023\/02\/WhatsApp-Image-2022-12-30-at-21.28.12.jpeg 2048w\" sizes=\"(max-width: 1024px) 100vw, 1024px\" \/><\/a><\/figure>\n<figcaption class=\"blocks-gallery-caption wp-element-caption\">Pictures from 2022<\/figcaption><\/figure>\n\n\n\n<p><strong>The team<\/strong><br>Concept, production, overall visual design: Essi Santala<br>Puppet maker: Hanne Lammi<br>Prop design and realization: Tonja Goldblatt<br>Motors, robotics: Henri Sareskivi<br>Script and webpage: Sade Lahti<br>Set builders: Karoliina Vuorinen, Jesse Poskiparta, Ida Salonen<br>Story: The team<br>Production: The team<\/p>\n\n\n\n<p><strong>Partners<\/strong><br>Finnish Cultural Foundation<br>City of Turku: Sytyt\u00e4 Turku! -project<br>Turun teatteris\u00e4\u00e4ti\u00f6<br>Arts Promotion Centre Finland<br>Monitori at Market Square Turku<br>Tyrv\u00e4\u00e4 College of Crafts and Design, Set Construction<\/p>\n\n\n\n<p><strong>Thanks<\/strong><br>Timo Laitinen<br>Mauri M\u00e4kel\u00e4<br>Arja Valkonen-Goldblatt<\/p>\n","protected":false},"excerpt":{"rendered":"<p>Kontiaisten joulukuu 2021 was a daily changing slow-theater puppet diorama located in a non-commercial display window in the center of Turku. Every night a change in the diorama would happen, and the story would unfold daily one animated picture at a time for the whole month of December, like an advent calendar. The large scale [&hellip;]<\/p>\n","protected":false},"author":1,"featured_media":225,"parent":0,"menu_order":0,"comment_status":"closed","ping_status":"closed","template":"","meta":[],"_links":{"self":[{"href":"http:\/\/tonja.goldblatt.fi\/index.php\/wp-json\/wp\/v2\/pages\/143"}],"collection":[{"href":"http:\/\/tonja.goldblatt.fi\/index.php\/wp-json\/wp\/v2\/pages"}],"about":[{"href":"http:\/\/tonja.goldblatt.fi\/index.php\/wp-json\/wp\/v2\/types\/page"}],"author":[{"embeddable":true,"href":"http:\/\/tonja.goldblatt.fi\/index.php\/wp-json\/wp\/v2\/users\/1"}],"replies":[{"embeddable":true,"href":"http:\/\/tonja.goldblatt.fi\/index.php\/wp-json\/wp\/v2\/comments?post=143"}],"version-history":[{"count":28,"href":"http:\/\/tonja.goldblatt.fi\/index.php\/wp-json\/wp\/v2\/pages\/143\/revisions"}],"predecessor-version":[{"id":406,"href":"http:\/\/tonja.goldblatt.fi\/index.php\/wp-json\/wp\/v2\/pages\/143\/revisions\/406"}],"wp:featuredmedia":[{"embeddable":true,"href":"http:\/\/tonja.goldblatt.fi\/index.php\/wp-json\/wp\/v2\/media\/225"}],"wp:attachment":[{"href":"http:\/\/tonja.goldblatt.fi\/index.php\/wp-json\/wp\/v2\/media?parent=143"}],"curies":[{"name":"wp","href":"https:\/\/api.w.org\/{rel}","templated":true}]}}