{"id":10,"date":"2020-09-14T18:28:54","date_gmt":"2020-09-14T18:28:54","guid":{"rendered":"http:\/\/tonja.goldblatt.fi\/?page_id=10"},"modified":"2026-02-18T11:58:01","modified_gmt":"2026-02-18T11:58:01","slug":"teoskuvia","status":"publish","type":"page","link":"http:\/\/tonja.goldblatt.fi\/index.php\/teoskuvia\/","title":{"rendered":"Visual art"},"content":{"rendered":"\n<div class=\"is-layout-flow wp-block-group\"><div class=\"wp-block-group__inner-container\">\n<p>Tonja Goldblatt is an artist and printmaker. She has a bachelors degree in Fine Arts from the Turku Arts Academy and has had exhibitions both in Finland and abroad since 2004. <\/p>\n<\/div><\/div>\n\n\n\n<h4>From the series J\u00e4\u00e4kausi [Ice age], 2015<\/h4>\n\n\n\n<figure class=\"is-layout-flex wp-block-gallery-2 wp-block-gallery aligncenter has-nested-images columns-default is-cropped\">\n<figure class=\"wp-block-image size-large\"><img decoding=\"async\" loading=\"lazy\" width=\"800\" height=\"533\" data-id=\"45\"  src=\"http:\/\/tonja.goldblatt.fi\/wp-content\/uploads\/2020\/09\/joella2014_1_pieni.jpg\" alt=\"\" class=\"wp-image-45\" srcset=\"http:\/\/tonja.goldblatt.fi\/wp-content\/uploads\/2020\/09\/joella2014_1_pieni.jpg 800w, http:\/\/tonja.goldblatt.fi\/wp-content\/uploads\/2020\/09\/joella2014_1_pieni-300x200.jpg 300w, http:\/\/tonja.goldblatt.fi\/wp-content\/uploads\/2020\/09\/joella2014_1_pieni-768x512.jpg 768w\" sizes=\"(max-width: 800px) 100vw, 800px\" \/><figcaption class=\"wp-element-caption\">J\u00e4\u00e4kausi, Galleria Joella, Turku, 2014<\/figcaption><\/figure>\n\n\n\n<figure class=\"wp-block-image size-large\"><img decoding=\"async\" loading=\"lazy\" width=\"737\" height=\"1024\" data-id=\"41\"  src=\"http:\/\/tonja.goldblatt.fi\/wp-content\/uploads\/2020\/09\/tonja_goldblatt-jaakausi_1-737x1024.jpg\" alt=\"\" class=\"wp-image-41\" srcset=\"http:\/\/tonja.goldblatt.fi\/wp-content\/uploads\/2020\/09\/tonja_goldblatt-jaakausi_1-737x1024.jpg 737w, http:\/\/tonja.goldblatt.fi\/wp-content\/uploads\/2020\/09\/tonja_goldblatt-jaakausi_1-216x300.jpg 216w, http:\/\/tonja.goldblatt.fi\/wp-content\/uploads\/2020\/09\/tonja_goldblatt-jaakausi_1-768x1067.jpg 768w, http:\/\/tonja.goldblatt.fi\/wp-content\/uploads\/2020\/09\/tonja_goldblatt-jaakausi_1-1105x1536.jpg 1105w, http:\/\/tonja.goldblatt.fi\/wp-content\/uploads\/2020\/09\/tonja_goldblatt-jaakausi_1.jpg 1213w\" sizes=\"(max-width: 737px) 100vw, 737px\" \/><figcaption class=\"wp-element-caption\">Sarjasta J\u00e4\u00e4kausi, vesiv\u00e4rimonotypia, 106 x 80 cm, 2014<\/figcaption><\/figure>\n\n\n\n<figure class=\"wp-block-image size-large\"><img decoding=\"async\" loading=\"lazy\" width=\"768\" height=\"1024\" data-id=\"43\"  src=\"http:\/\/tonja.goldblatt.fi\/wp-content\/uploads\/2020\/09\/tonja_goldblatt-jaakausi_4-768x1024.jpg\" alt=\"\" class=\"wp-image-43\" srcset=\"http:\/\/tonja.goldblatt.fi\/wp-content\/uploads\/2020\/09\/tonja_goldblatt-jaakausi_4-768x1024.jpg 768w, http:\/\/tonja.goldblatt.fi\/wp-content\/uploads\/2020\/09\/tonja_goldblatt-jaakausi_4-225x300.jpg 225w, http:\/\/tonja.goldblatt.fi\/wp-content\/uploads\/2020\/09\/tonja_goldblatt-jaakausi_4-1152x1536.jpg 1152w, http:\/\/tonja.goldblatt.fi\/wp-content\/uploads\/2020\/09\/tonja_goldblatt-jaakausi_4.jpg 1157w\" sizes=\"(max-width: 768px) 100vw, 768px\" \/><figcaption class=\"wp-element-caption\">OLYMPUS DIGITAL CAMERA<\/figcaption><\/figure>\n\n\n\n<figure class=\"wp-block-image size-large\"><img decoding=\"async\" loading=\"lazy\" width=\"680\" height=\"1024\" data-id=\"42\"  src=\"http:\/\/tonja.goldblatt.fi\/wp-content\/uploads\/2020\/09\/tonja_goldblatt-jaakausi_3-680x1024.jpg\" alt=\"\" class=\"wp-image-42\" srcset=\"http:\/\/tonja.goldblatt.fi\/wp-content\/uploads\/2020\/09\/tonja_goldblatt-jaakausi_3-680x1024.jpg 680w, http:\/\/tonja.goldblatt.fi\/wp-content\/uploads\/2020\/09\/tonja_goldblatt-jaakausi_3-199x300.jpg 199w, http:\/\/tonja.goldblatt.fi\/wp-content\/uploads\/2020\/09\/tonja_goldblatt-jaakausi_3-768x1156.jpg 768w, http:\/\/tonja.goldblatt.fi\/wp-content\/uploads\/2020\/09\/tonja_goldblatt-jaakausi_3-1021x1536.jpg 1021w, http:\/\/tonja.goldblatt.fi\/wp-content\/uploads\/2020\/09\/tonja_goldblatt-jaakausi_3.jpg 1188w\" sizes=\"(max-width: 680px) 100vw, 680px\" \/><\/figure>\n\n\n\n<figure class=\"wp-block-image size-large\"><img decoding=\"async\" loading=\"lazy\" width=\"1024\" height=\"680\" data-id=\"55\"  src=\"http:\/\/tonja.goldblatt.fi\/wp-content\/uploads\/2020\/09\/Tonja-Goldblatt-Ma\u00a6eltinranta-2015-1-1024x680.jpg\" alt=\"\" class=\"wp-image-55\" srcset=\"http:\/\/tonja.goldblatt.fi\/wp-content\/uploads\/2020\/09\/Tonja-Goldblatt-Ma\u00a6eltinranta-2015-1-1024x680.jpg 1024w, http:\/\/tonja.goldblatt.fi\/wp-content\/uploads\/2020\/09\/Tonja-Goldblatt-Ma\u00a6eltinranta-2015-1-300x199.jpg 300w, http:\/\/tonja.goldblatt.fi\/wp-content\/uploads\/2020\/09\/Tonja-Goldblatt-Ma\u00a6eltinranta-2015-1-768x510.jpg 768w, http:\/\/tonja.goldblatt.fi\/wp-content\/uploads\/2020\/09\/Tonja-Goldblatt-Ma\u00a6eltinranta-2015-1-1536x1020.jpg 1536w, http:\/\/tonja.goldblatt.fi\/wp-content\/uploads\/2020\/09\/Tonja-Goldblatt-Ma\u00a6eltinranta-2015-1-2048x1359.jpg 2048w, http:\/\/tonja.goldblatt.fi\/wp-content\/uploads\/2020\/09\/Tonja-Goldblatt-Ma\u00a6eltinranta-2015-1-1568x1041.jpg 1568w\" sizes=\"(max-width: 1024px) 100vw, 1024px\" \/><\/figure>\n<\/figure>\n\n\n<div class=\"wp-block-image\">\n<figure class=\"aligncenter size-large\"><img decoding=\"async\" loading=\"lazy\" width=\"1024\" height=\"680\" src=\"http:\/\/tonja.goldblatt.fi\/wp-content\/uploads\/2020\/09\/Tonja-Goldblatt-Ma\u00a6eltinranta-2015-1-1024x680.jpg\" alt=\"\" class=\"wp-image-55\" srcset=\"http:\/\/tonja.goldblatt.fi\/wp-content\/uploads\/2020\/09\/Tonja-Goldblatt-Ma\u00a6eltinranta-2015-1-1024x680.jpg 1024w, http:\/\/tonja.goldblatt.fi\/wp-content\/uploads\/2020\/09\/Tonja-Goldblatt-Ma\u00a6eltinranta-2015-1-300x199.jpg 300w, http:\/\/tonja.goldblatt.fi\/wp-content\/uploads\/2020\/09\/Tonja-Goldblatt-Ma\u00a6eltinranta-2015-1-768x510.jpg 768w, http:\/\/tonja.goldblatt.fi\/wp-content\/uploads\/2020\/09\/Tonja-Goldblatt-Ma\u00a6eltinranta-2015-1-1536x1020.jpg 1536w, http:\/\/tonja.goldblatt.fi\/wp-content\/uploads\/2020\/09\/Tonja-Goldblatt-Ma\u00a6eltinranta-2015-1-2048x1359.jpg 2048w, http:\/\/tonja.goldblatt.fi\/wp-content\/uploads\/2020\/09\/Tonja-Goldblatt-Ma\u00a6eltinranta-2015-1-1568x1041.jpg 1568w\" sizes=\"(max-width: 1024px) 100vw, 1024px\" \/><figcaption class=\"wp-element-caption\">J\u00e4\u00e4kausi, Galleria M\u00e4ltinrannan Studio, Tampere, 2015<br><em>photo: Mikko Karvonen<\/em><\/figcaption><\/figure><\/div>\n\n<div class=\"wp-block-image\">\n<figure class=\"aligncenter size-large\"><img decoding=\"async\" loading=\"lazy\" width=\"737\" height=\"1024\" src=\"http:\/\/tonja.goldblatt.fi\/wp-content\/uploads\/2020\/09\/tonja_goldblatt-jaakausi_1-737x1024.jpg\" alt=\"\" class=\"wp-image-41\" srcset=\"http:\/\/tonja.goldblatt.fi\/wp-content\/uploads\/2020\/09\/tonja_goldblatt-jaakausi_1-737x1024.jpg 737w, http:\/\/tonja.goldblatt.fi\/wp-content\/uploads\/2020\/09\/tonja_goldblatt-jaakausi_1-216x300.jpg 216w, http:\/\/tonja.goldblatt.fi\/wp-content\/uploads\/2020\/09\/tonja_goldblatt-jaakausi_1-768x1067.jpg 768w, http:\/\/tonja.goldblatt.fi\/wp-content\/uploads\/2020\/09\/tonja_goldblatt-jaakausi_1-1105x1536.jpg 1105w, http:\/\/tonja.goldblatt.fi\/wp-content\/uploads\/2020\/09\/tonja_goldblatt-jaakausi_1.jpg 1213w\" sizes=\"(max-width: 737px) 100vw, 737px\" \/><figcaption class=\"wp-element-caption\">Sarjasta J\u00e4\u00e4kausi, vesiv\u00e4rimonotypia, 106 x 80 cm, 2014<\/figcaption><\/figure><\/div>\n\n<div class=\"wp-block-image\">\n<figure class=\"aligncenter size-large\"><img decoding=\"async\" loading=\"lazy\" width=\"680\" height=\"1024\" src=\"http:\/\/tonja.goldblatt.fi\/wp-content\/uploads\/2020\/09\/tonja_goldblatt-jaakausi_3-680x1024.jpg\" alt=\"\" class=\"wp-image-42\" srcset=\"http:\/\/tonja.goldblatt.fi\/wp-content\/uploads\/2020\/09\/tonja_goldblatt-jaakausi_3-680x1024.jpg 680w, http:\/\/tonja.goldblatt.fi\/wp-content\/uploads\/2020\/09\/tonja_goldblatt-jaakausi_3-199x300.jpg 199w, http:\/\/tonja.goldblatt.fi\/wp-content\/uploads\/2020\/09\/tonja_goldblatt-jaakausi_3-768x1156.jpg 768w, http:\/\/tonja.goldblatt.fi\/wp-content\/uploads\/2020\/09\/tonja_goldblatt-jaakausi_3-1021x1536.jpg 1021w, http:\/\/tonja.goldblatt.fi\/wp-content\/uploads\/2020\/09\/tonja_goldblatt-jaakausi_3.jpg 1188w\" sizes=\"(max-width: 680px) 100vw, 680px\" \/><figcaption class=\"wp-element-caption\">Sarjasta J\u00e4\u00e4kausi, vesiv\u00e4rimonotypia, 106 x 80 cm, 2014<\/figcaption><\/figure><\/div>\n\n\n<figure class=\"is-layout-flex wp-block-gallery-4 wp-block-gallery aligncenter has-nested-images columns-default is-cropped\">\n<figure class=\"wp-block-image size-large\"><img decoding=\"async\" loading=\"lazy\" width=\"1024\" height=\"680\" data-id=\"57\"  src=\"http:\/\/tonja.goldblatt.fi\/wp-content\/uploads\/2020\/09\/Tonja-Goldblatt-Ma\u00a6eltinranta-2015-5-1024x680.jpg\" alt=\"\" class=\"wp-image-57\" srcset=\"http:\/\/tonja.goldblatt.fi\/wp-content\/uploads\/2020\/09\/Tonja-Goldblatt-Ma\u00a6eltinranta-2015-5-1024x680.jpg 1024w, http:\/\/tonja.goldblatt.fi\/wp-content\/uploads\/2020\/09\/Tonja-Goldblatt-Ma\u00a6eltinranta-2015-5-300x199.jpg 300w, http:\/\/tonja.goldblatt.fi\/wp-content\/uploads\/2020\/09\/Tonja-Goldblatt-Ma\u00a6eltinranta-2015-5-768x510.jpg 768w, http:\/\/tonja.goldblatt.fi\/wp-content\/uploads\/2020\/09\/Tonja-Goldblatt-Ma\u00a6eltinranta-2015-5-1536x1020.jpg 1536w, http:\/\/tonja.goldblatt.fi\/wp-content\/uploads\/2020\/09\/Tonja-Goldblatt-Ma\u00a6eltinranta-2015-5-2048x1359.jpg 2048w, http:\/\/tonja.goldblatt.fi\/wp-content\/uploads\/2020\/09\/Tonja-Goldblatt-Ma\u00a6eltinranta-2015-5-1568x1041.jpg 1568w\" sizes=\"(max-width: 1024px) 100vw, 1024px\" \/><figcaption class=\"wp-element-caption\">Pieni siipi, pehme\u00e4pohjaetsaus, 2 x 5 cm \/ osa, 2014<br><em>kuva: Mikko Karvonen<\/em><\/figcaption><\/figure>\n\n\n\n<figure class=\"wp-block-image size-large\"><img decoding=\"async\" loading=\"lazy\" width=\"1024\" height=\"680\" data-id=\"58\"  src=\"http:\/\/tonja.goldblatt.fi\/wp-content\/uploads\/2020\/09\/Tonja-Goldblatt-Ma\u00a6eltinranta-2015-16-1024x680.jpg\" alt=\"\" class=\"wp-image-58\" srcset=\"http:\/\/tonja.goldblatt.fi\/wp-content\/uploads\/2020\/09\/Tonja-Goldblatt-Ma\u00a6eltinranta-2015-16-1024x680.jpg 1024w, http:\/\/tonja.goldblatt.fi\/wp-content\/uploads\/2020\/09\/Tonja-Goldblatt-Ma\u00a6eltinranta-2015-16-300x199.jpg 300w, http:\/\/tonja.goldblatt.fi\/wp-content\/uploads\/2020\/09\/Tonja-Goldblatt-Ma\u00a6eltinranta-2015-16-768x510.jpg 768w, http:\/\/tonja.goldblatt.fi\/wp-content\/uploads\/2020\/09\/Tonja-Goldblatt-Ma\u00a6eltinranta-2015-16-1536x1020.jpg 1536w, http:\/\/tonja.goldblatt.fi\/wp-content\/uploads\/2020\/09\/Tonja-Goldblatt-Ma\u00a6eltinranta-2015-16-2048x1359.jpg 2048w, http:\/\/tonja.goldblatt.fi\/wp-content\/uploads\/2020\/09\/Tonja-Goldblatt-Ma\u00a6eltinranta-2015-16-1568x1041.jpg 1568w\" sizes=\"(max-width: 1024px) 100vw, 1024px\" \/><figcaption class=\"wp-element-caption\">Pieni siipi, pehme\u00e4pohjaetsaus, 2 x 5 cm, 2014<br><em>kuva: Mikko Karvonen<\/em><\/figcaption><\/figure>\n<\/figure>\n\n\n<div class=\"wp-block-image\">\n<figure class=\"aligncenter size-large\"><img decoding=\"async\" loading=\"lazy\" width=\"1024\" height=\"680\" src=\"http:\/\/tonja.goldblatt.fi\/wp-content\/uploads\/2020\/09\/Tonja-Goldblatt-Ma\u00a6eltinranta-2015-141-1024x680.jpg\" alt=\"\" class=\"wp-image-59\" srcset=\"http:\/\/tonja.goldblatt.fi\/wp-content\/uploads\/2020\/09\/Tonja-Goldblatt-Ma\u00a6eltinranta-2015-141-1024x680.jpg 1024w, http:\/\/tonja.goldblatt.fi\/wp-content\/uploads\/2020\/09\/Tonja-Goldblatt-Ma\u00a6eltinranta-2015-141-300x199.jpg 300w, http:\/\/tonja.goldblatt.fi\/wp-content\/uploads\/2020\/09\/Tonja-Goldblatt-Ma\u00a6eltinranta-2015-141-768x510.jpg 768w, http:\/\/tonja.goldblatt.fi\/wp-content\/uploads\/2020\/09\/Tonja-Goldblatt-Ma\u00a6eltinranta-2015-141-1536x1020.jpg 1536w, http:\/\/tonja.goldblatt.fi\/wp-content\/uploads\/2020\/09\/Tonja-Goldblatt-Ma\u00a6eltinranta-2015-141-2048x1359.jpg 2048w, http:\/\/tonja.goldblatt.fi\/wp-content\/uploads\/2020\/09\/Tonja-Goldblatt-Ma\u00a6eltinranta-2015-141-1568x1041.jpg 1568w\" sizes=\"(max-width: 1024px) 100vw, 1024px\" \/><figcaption class=\"wp-element-caption\">Pieni siipi, pehme\u00e4pohjaetsaus, 2 x 5 cm, 2014<br><em>photo: Mikko Karvonen<\/em><\/figcaption><\/figure><\/div>\n\n\n<h4>From the exhibition Kaikki me unohdumme [We will all be forgotten], 2012<\/h4>\n\n\n<div class=\"wp-block-image\">\n<figure class=\"aligncenter size-large\"><img decoding=\"async\" loading=\"lazy\" width=\"762\" height=\"539\" src=\"http:\/\/tonja.goldblatt.fi\/wp-content\/uploads\/2020\/09\/11_01nayttelykuvaunohdumme.jpg\" alt=\"\" class=\"wp-image-61\" srcset=\"http:\/\/tonja.goldblatt.fi\/wp-content\/uploads\/2020\/09\/11_01nayttelykuvaunohdumme.jpg 762w, http:\/\/tonja.goldblatt.fi\/wp-content\/uploads\/2020\/09\/11_01nayttelykuvaunohdumme-300x212.jpg 300w\" sizes=\"(max-width: 762px) 100vw, 762px\" \/><figcaption class=\"wp-element-caption\">Kaikki me unohdumme, Galleria \u00c5, Turku, 2012<\/figcaption><\/figure><\/div>\n\n<div class=\"wp-block-image\">\n<figure class=\"aligncenter size-large\"><img decoding=\"async\" loading=\"lazy\" width=\"737\" height=\"1024\" src=\"http:\/\/tonja.goldblatt.fi\/wp-content\/uploads\/2020\/09\/11_unohdettu2-737x1024.jpg\" alt=\"\" class=\"wp-image-12\" srcset=\"http:\/\/tonja.goldblatt.fi\/wp-content\/uploads\/2020\/09\/11_unohdettu2-737x1024.jpg 737w, http:\/\/tonja.goldblatt.fi\/wp-content\/uploads\/2020\/09\/11_unohdettu2-216x300.jpg 216w, http:\/\/tonja.goldblatt.fi\/wp-content\/uploads\/2020\/09\/11_unohdettu2-768x1067.jpg 768w, http:\/\/tonja.goldblatt.fi\/wp-content\/uploads\/2020\/09\/11_unohdettu2.jpg 1000w\" sizes=\"(max-width: 737px) 100vw, 737px\" \/><figcaption class=\"wp-element-caption\">Unohdettu \/ Forgotten I, pencil and watercoloron paper,  50 x 700 cm, 2012<\/figcaption><\/figure><\/div>\n\n<div class=\"wp-block-image\">\n<figure class=\"aligncenter size-large\"><img decoding=\"async\" loading=\"lazy\" width=\"755\" height=\"1024\" src=\"http:\/\/tonja.goldblatt.fi\/wp-content\/uploads\/2020\/09\/11_unohtunut-755x1024.jpg\" alt=\"\" class=\"wp-image-17\" srcset=\"http:\/\/tonja.goldblatt.fi\/wp-content\/uploads\/2020\/09\/11_unohtunut-755x1024.jpg 755w, http:\/\/tonja.goldblatt.fi\/wp-content\/uploads\/2020\/09\/11_unohtunut-221x300.jpg 221w, http:\/\/tonja.goldblatt.fi\/wp-content\/uploads\/2020\/09\/11_unohtunut-768x1042.jpg 768w, http:\/\/tonja.goldblatt.fi\/wp-content\/uploads\/2020\/09\/11_unohtunut.jpg 1000w\" sizes=\"(max-width: 755px) 100vw, 755px\" \/><figcaption class=\"wp-element-caption\">Unohtunut \/ Forgotten, pencil and watercolor on paper, 50 x 700 cm, 2012<\/figcaption><\/figure><\/div>\n\n<div class=\"wp-block-image\">\n<figure class=\"aligncenter size-large\"><img decoding=\"async\" loading=\"lazy\" width=\"755\" height=\"1024\" src=\"http:\/\/tonja.goldblatt.fi\/wp-content\/uploads\/2020\/09\/11_unohdettu-755x1024.jpg\" alt=\"\" class=\"wp-image-50\" srcset=\"http:\/\/tonja.goldblatt.fi\/wp-content\/uploads\/2020\/09\/11_unohdettu-755x1024.jpg 755w, http:\/\/tonja.goldblatt.fi\/wp-content\/uploads\/2020\/09\/11_unohdettu-221x300.jpg 221w, http:\/\/tonja.goldblatt.fi\/wp-content\/uploads\/2020\/09\/11_unohdettu-768x1042.jpg 768w, http:\/\/tonja.goldblatt.fi\/wp-content\/uploads\/2020\/09\/11_unohdettu.jpg 1000w\" sizes=\"(max-width: 755px) 100vw, 755px\" \/><figcaption class=\"wp-element-caption\">Unohdettu \/Forgotten II, pencil and watercolor on paper, 50 x 700 cm, 2012<\/figcaption><\/figure><\/div>\n\n<div class=\"wp-block-image\">\n<figure class=\"aligncenter size-large\"><img decoding=\"async\" loading=\"lazy\" width=\"1000\" height=\"750\" src=\"http:\/\/tonja.goldblatt.fi\/wp-content\/uploads\/2020\/09\/11_04unohdummekirja.jpg\" alt=\"\" class=\"wp-image-20\" srcset=\"http:\/\/tonja.goldblatt.fi\/wp-content\/uploads\/2020\/09\/11_04unohdummekirja.jpg 1000w, http:\/\/tonja.goldblatt.fi\/wp-content\/uploads\/2020\/09\/11_04unohdummekirja-300x225.jpg 300w, http:\/\/tonja.goldblatt.fi\/wp-content\/uploads\/2020\/09\/11_04unohdummekirja-768x576.jpg 768w\" sizes=\"(max-width: 1000px) 100vw, 1000px\" \/><figcaption class=\"wp-element-caption\">Kaikki me unohdumme \/ We will all be forgotten, used notebook, nails, 10 x 10 cm, 2011<\/figcaption><\/figure><\/div>\n\n<div class=\"wp-block-image\">\n<figure class=\"aligncenter size-large\"><img decoding=\"async\" loading=\"lazy\" width=\"1000\" height=\"750\" src=\"http:\/\/tonja.goldblatt.fi\/wp-content\/uploads\/2020\/09\/11_08unohdummeteralehdet-1.jpg\" alt=\"\" class=\"wp-image-36\" srcset=\"http:\/\/tonja.goldblatt.fi\/wp-content\/uploads\/2020\/09\/11_08unohdummeteralehdet-1.jpg 1000w, http:\/\/tonja.goldblatt.fi\/wp-content\/uploads\/2020\/09\/11_08unohdummeteralehdet-1-300x225.jpg 300w, http:\/\/tonja.goldblatt.fi\/wp-content\/uploads\/2020\/09\/11_08unohdummeteralehdet-1-768x576.jpg 768w\" sizes=\"(max-width: 1000px) 100vw, 1000px\" \/><figcaption class=\"wp-element-caption\">Kaikki me unohdumme \/ We will all be forgotten, electric typewriter on dried flower petals, 10 x 15 cm \/ piece, 2011<\/figcaption><\/figure><\/div>\n\n<div class=\"wp-block-image\">\n<figure class=\"aligncenter size-large\"><img decoding=\"async\" loading=\"lazy\" width=\"820\" height=\"1024\" src=\"http:\/\/tonja.goldblatt.fi\/wp-content\/uploads\/2020\/09\/11_teralehdet1kaikkimerakkausonb-820x1024.jpg\" alt=\"\" class=\"wp-image-24\" srcset=\"http:\/\/tonja.goldblatt.fi\/wp-content\/uploads\/2020\/09\/11_teralehdet1kaikkimerakkausonb-820x1024.jpg 820w, http:\/\/tonja.goldblatt.fi\/wp-content\/uploads\/2020\/09\/11_teralehdet1kaikkimerakkausonb-240x300.jpg 240w, http:\/\/tonja.goldblatt.fi\/wp-content\/uploads\/2020\/09\/11_teralehdet1kaikkimerakkausonb-768x960.jpg 768w, http:\/\/tonja.goldblatt.fi\/wp-content\/uploads\/2020\/09\/11_teralehdet1kaikkimerakkausonb.jpg 1086w\" sizes=\"(max-width: 820px) 100vw, 820px\" \/><figcaption class=\"wp-element-caption\">Sarjasta Kaikki me unohdumme \/ From the series  We will all be forgotten, electric typewriter on dried flower petals. 10 x 15 cm, 2011<\/figcaption><\/figure><\/div>\n\n<div class=\"wp-block-image\">\n<figure class=\"aligncenter size-large\"><img decoding=\"async\" loading=\"lazy\" width=\"819\" height=\"1024\" src=\"http:\/\/tonja.goldblatt.fi\/wp-content\/uploads\/2020\/09\/11_teralehdet2a-819x1024.jpg\" alt=\"\" class=\"wp-image-35\" srcset=\"http:\/\/tonja.goldblatt.fi\/wp-content\/uploads\/2020\/09\/11_teralehdet2a-819x1024.jpg 819w, http:\/\/tonja.goldblatt.fi\/wp-content\/uploads\/2020\/09\/11_teralehdet2a-240x300.jpg 240w, http:\/\/tonja.goldblatt.fi\/wp-content\/uploads\/2020\/09\/11_teralehdet2a-768x961.jpg 768w, http:\/\/tonja.goldblatt.fi\/wp-content\/uploads\/2020\/09\/11_teralehdet2a.jpg 1000w\" sizes=\"(max-width: 819px) 100vw, 819px\" \/><figcaption class=\"wp-element-caption\">Sarjasta Kaikki me unohdumme \/ From the series  We will all be forgotten, electric typewriter on dried flower petals, 10 x 15 cm, 2011<\/figcaption><\/figure><\/div>\n\n<div class=\"wp-block-image\">\n<figure class=\"aligncenter size-large\"><img decoding=\"async\" loading=\"lazy\" width=\"905\" height=\"1024\" src=\"http:\/\/tonja.goldblatt.fi\/wp-content\/uploads\/2020\/09\/11_teralehdet3enkadu-905x1024.jpg\" alt=\"\" class=\"wp-image-40\" srcset=\"http:\/\/tonja.goldblatt.fi\/wp-content\/uploads\/2020\/09\/11_teralehdet3enkadu-905x1024.jpg 905w, http:\/\/tonja.goldblatt.fi\/wp-content\/uploads\/2020\/09\/11_teralehdet3enkadu-265x300.jpg 265w, http:\/\/tonja.goldblatt.fi\/wp-content\/uploads\/2020\/09\/11_teralehdet3enkadu-768x869.jpg 768w, http:\/\/tonja.goldblatt.fi\/wp-content\/uploads\/2020\/09\/11_teralehdet3enkadu.jpg 1000w\" sizes=\"(max-width: 905px) 100vw, 905px\" \/><figcaption class=\"wp-element-caption\">Sarjasta Kaikki me unohdumme \/ From the series  We will all be forgotten, electric typewriter on dried flower petals., 10 x 15 cm, 2011<\/figcaption><\/figure><\/div>\n\n<div class=\"wp-block-image\">\n<figure class=\"aligncenter size-large\"><img decoding=\"async\" loading=\"lazy\" width=\"1000\" height=\"861\" src=\"http:\/\/tonja.goldblatt.fi\/wp-content\/uploads\/2020\/09\/11_03kirjekirja.jpg\" alt=\"\" class=\"wp-image-19\" srcset=\"http:\/\/tonja.goldblatt.fi\/wp-content\/uploads\/2020\/09\/11_03kirjekirja.jpg 1000w, http:\/\/tonja.goldblatt.fi\/wp-content\/uploads\/2020\/09\/11_03kirjekirja-300x258.jpg 300w, http:\/\/tonja.goldblatt.fi\/wp-content\/uploads\/2020\/09\/11_03kirjekirja-768x661.jpg 768w\" sizes=\"(max-width: 1000px) 100vw, 1000px\" \/><figcaption class=\"wp-element-caption\">Kirjeest\u00e4, kymmenen vuotta sitten \/ A letter, ten years ago. Engraving and ink on glass, text from an old letter, book, nails. 2011-2012<\/figcaption><\/figure><\/div>\n\n<div class=\"wp-block-image\">\n<figure class=\"aligncenter size-large\"><img decoding=\"async\" loading=\"lazy\" width=\"1000\" height=\"903\" src=\"http:\/\/tonja.goldblatt.fi\/wp-content\/uploads\/2020\/09\/11_02kirjasilmat.jpg\" alt=\"\" class=\"wp-image-18\" srcset=\"http:\/\/tonja.goldblatt.fi\/wp-content\/uploads\/2020\/09\/11_02kirjasilmat.jpg 1000w, http:\/\/tonja.goldblatt.fi\/wp-content\/uploads\/2020\/09\/11_02kirjasilmat-300x271.jpg 300w, http:\/\/tonja.goldblatt.fi\/wp-content\/uploads\/2020\/09\/11_02kirjasilmat-768x694.jpg 768w\" sizes=\"(max-width: 1000px) 100vw, 1000px\" \/><figcaption class=\"wp-element-caption\">Kaikki me unohdumme \/ We will all be forgotten, Engraving and ink on glass, book, nails., 2006-2012<\/figcaption><\/figure><\/div>\n\n\n<p><\/p>\n","protected":false},"excerpt":{"rendered":"<p>Tonja Goldblatt is an artist and printmaker. She has a bachelors degree in Fine Arts from the Turku Arts Academy and has had exhibitions both in Finland and abroad since 2004. From the series J\u00e4\u00e4kausi [Ice age], 2015 From the exhibition Kaikki me unohdumme [We will all be forgotten], 2012<\/p>\n","protected":false},"author":1,"featured_media":249,"parent":0,"menu_order":0,"comment_status":"closed","ping_status":"closed","template":"","meta":[],"_links":{"self":[{"href":"http:\/\/tonja.goldblatt.fi\/index.php\/wp-json\/wp\/v2\/pages\/10"}],"collection":[{"href":"http:\/\/tonja.goldblatt.fi\/index.php\/wp-json\/wp\/v2\/pages"}],"about":[{"href":"http:\/\/tonja.goldblatt.fi\/index.php\/wp-json\/wp\/v2\/types\/page"}],"author":[{"embeddable":true,"href":"http:\/\/tonja.goldblatt.fi\/index.php\/wp-json\/wp\/v2\/users\/1"}],"replies":[{"embeddable":true,"href":"http:\/\/tonja.goldblatt.fi\/index.php\/wp-json\/wp\/v2\/comments?post=10"}],"version-history":[{"count":32,"href":"http:\/\/tonja.goldblatt.fi\/index.php\/wp-json\/wp\/v2\/pages\/10\/revisions"}],"predecessor-version":[{"id":467,"href":"http:\/\/tonja.goldblatt.fi\/index.php\/wp-json\/wp\/v2\/pages\/10\/revisions\/467"}],"wp:featuredmedia":[{"embeddable":true,"href":"http:\/\/tonja.goldblatt.fi\/index.php\/wp-json\/wp\/v2\/media\/249"}],"wp:attachment":[{"href":"http:\/\/tonja.goldblatt.fi\/index.php\/wp-json\/wp\/v2\/media?parent=10"}],"curies":[{"name":"wp","href":"https:\/\/api.w.org\/{rel}","templated":true}]}}